{"id":1115,"date":"2024-11-26T13:45:29","date_gmt":"2024-11-26T12:45:29","guid":{"rendered":"https:\/\/asmakkum.nl\/?page_id=1115"},"modified":"2024-11-26T13:50:55","modified_gmt":"2024-11-26T12:50:55","slug":"onderhoud","status":"publish","type":"page","link":"https:\/\/asmakkum.nl\/de\/onderhoud\/","title":{"rendered":"Wartung"},"content":{"rendered":"<div class=\"wp-block-columns alignwide is-layout-flex wp-container-core-columns-is-layout-1 wp-block-columns-is-layout-flex\" style=\"padding-top:23px;padding-bottom:23px\">\n<div class=\"wp-block-column is-layout-flow wp-block-column-is-layout-flow\">\n<figure class=\"wp-block-image size-full\"><img loading=\"lazy\" decoding=\"async\" width=\"2712\" height=\"2034\" src=\"https:\/\/asmakkum.nl\/wp-content\/uploads\/2024\/11\/IMG_0744-1-edited.png\" alt=\"\" class=\"wp-image-1121\" srcset=\"https:\/\/asmakkum.nl\/wp-content\/uploads\/2024\/11\/IMG_0744-1-edited.png 2712w, https:\/\/asmakkum.nl\/wp-content\/uploads\/2024\/11\/IMG_0744-1-edited-300x225.png 300w, https:\/\/asmakkum.nl\/wp-content\/uploads\/2024\/11\/IMG_0744-1-edited-1024x768.png 1024w, https:\/\/asmakkum.nl\/wp-content\/uploads\/2024\/11\/IMG_0744-1-edited-768x576.png 768w, https:\/\/asmakkum.nl\/wp-content\/uploads\/2024\/11\/IMG_0744-1-edited-1536x1152.png 1536w, https:\/\/asmakkum.nl\/wp-content\/uploads\/2024\/11\/IMG_0744-1-edited-2048x1536.png 2048w\" sizes=\"auto, (max-width: 2712px) 100vw, 2712px\" \/><\/figure>\n<\/div>\n\n\n\n<div class=\"wp-block-column is-layout-flow wp-container-core-column-is-layout-2 wp-block-column-is-layout-flow\">\n<h2 class=\"wp-block-heading\">Wartung<\/h2>\n\n\n\n<p class=\"has-medium-font-size\">Bei&nbsp;<strong>Alpha Sail Makkum&nbsp;<\/strong>k\u00f6nnen Sie die meisten Wartungsarbeiten durchf\u00fchren lassen:<\/p>\n\n\n\n<ul class=\"wp-block-list\">\n<li class=\"has-medium-font-size\">Polieren &amp; Wachsen<\/li>\n\n\n\n<li class=\"has-medium-font-size\">Antifouling<\/li>\n\n\n\n<li class=\"has-medium-font-size\">Bootreinigung<\/li>\n\n\n\n<li class=\"has-medium-font-size\">Antispinnschutz<\/li>\n\n\n\n<li class=\"has-medium-font-size\">Teakreinigung<\/li>\n\n\n\n<li class=\"has-medium-font-size\">Winterfestmachung<\/li>\n\n\n\n<li class=\"has-medium-font-size\">Motorservice<\/li>\n<\/ul>\n\n\n\n<div class=\"wp-block-buttons is-layout-flex wp-block-buttons-is-layout-flex\">\n<div class=\"wp-block-button is-style-outline is-style-outline--1\"><a class=\"wp-block-button__link wp-element-button\" href=\"http:\/\/www.bvdmyachtcare.nl\/\" style=\"border-width:1px\">Weitere Informationen finden Sie unter bvdmyachtcare.nl<\/a><\/div>\n<\/div>\n\n\n\n<p class=\"has-medium-font-size\">F\u00fcr Arbeiten, die wir nicht selbst ausf\u00fchren, arbeiten wir mit renommierten Unternehmen aus der Region zusammen. Wir sind der Meinung, dass jeder seine eigenen Spezialgebiete hat. Durch die B\u00fcndelung unserer Kr\u00e4fte halten wir die Qualit\u00e4t hoch.<\/p>\n<\/div>\n<\/div>\n\n\n\n<p><\/p>","protected":false},"excerpt":{"rendered":"<p>Onderhoud Bij&nbsp;Alpha Sail Makkum&nbsp;kunt u terecht voor de meeste onderhoudswerkzaamheden: Voor werkzaamheden die wij niet zelf uitvoeren, werken wij samen met gerenommeerde bedrijven hieruit te buurt. Wij zijn van mening dat ieder zijn specialismen heeft. Door onze krachten te bundelen, houden we de kwaliteit hoog.<\/p>","protected":false},"author":1,"featured_media":0,"parent":0,"menu_order":0,"comment_status":"closed","ping_status":"closed","template":"","meta":{"footnotes":""},"class_list":["post-1115","page","type-page","status-publish","hentry"],"_links":{"self":[{"href":"https:\/\/asmakkum.nl\/de\/wp-json\/wp\/v2\/pages\/1115","targetHints":{"allow":["GET"]}}],"collection":[{"href":"https:\/\/asmakkum.nl\/de\/wp-json\/wp\/v2\/pages"}],"about":[{"href":"https:\/\/asmakkum.nl\/de\/wp-json\/wp\/v2\/types\/page"}],"author":[{"embeddable":true,"href":"https:\/\/asmakkum.nl\/de\/wp-json\/wp\/v2\/users\/1"}],"replies":[{"embeddable":true,"href":"https:\/\/asmakkum.nl\/de\/wp-json\/wp\/v2\/comments?post=1115"}],"version-history":[{"count":3,"href":"https:\/\/asmakkum.nl\/de\/wp-json\/wp\/v2\/pages\/1115\/revisions"}],"predecessor-version":[{"id":1122,"href":"https:\/\/asmakkum.nl\/de\/wp-json\/wp\/v2\/pages\/1115\/revisions\/1122"}],"wp:attachment":[{"href":"https:\/\/asmakkum.nl\/de\/wp-json\/wp\/v2\/media?parent=1115"}],"curies":[{"name":"wp","href":"https:\/\/api.w.org\/{rel}","templated":true}]}}