{"id":933,"date":"2024-11-15T12:43:03","date_gmt":"2024-11-15T11:43:03","guid":{"rendered":"https:\/\/asmakkum.nl\/?page_id=933"},"modified":"2024-11-19T09:07:04","modified_gmt":"2024-11-19T08:07:04","slug":"winterstalling","status":"publish","type":"page","link":"https:\/\/asmakkum.nl\/de\/winterstalling\/","title":{"rendered":"Winterlager"},"content":{"rendered":"<div class=\"wp-block-cover alignfull is-light\" style=\"margin-top:0;margin-bottom:0;padding-top:0;padding-bottom:0;min-height:342px;aspect-ratio:unset;\"><span aria-hidden=\"true\" class=\"wp-block-cover__background has-background-dim-0 has-background-dim\" style=\"background-color:#90929c\"><\/span><img loading=\"lazy\" decoding=\"async\" width=\"2048\" height=\"1536\" class=\"wp-block-cover__image-background wp-image-1086\" alt=\"\" src=\"https:\/\/asmakkum.nl\/wp-content\/uploads\/2024\/11\/WhatsApp-Image-2024-11-18-at-17.04.58-3.jpeg\" style=\"object-position:50% 44%\" data-object-fit=\"cover\" data-object-position=\"50% 44%\" srcset=\"https:\/\/asmakkum.nl\/wp-content\/uploads\/2024\/11\/WhatsApp-Image-2024-11-18-at-17.04.58-3.jpeg 2048w, https:\/\/asmakkum.nl\/wp-content\/uploads\/2024\/11\/WhatsApp-Image-2024-11-18-at-17.04.58-3-300x225.jpeg 300w, https:\/\/asmakkum.nl\/wp-content\/uploads\/2024\/11\/WhatsApp-Image-2024-11-18-at-17.04.58-3-1024x768.jpeg 1024w, https:\/\/asmakkum.nl\/wp-content\/uploads\/2024\/11\/WhatsApp-Image-2024-11-18-at-17.04.58-3-768x576.jpeg 768w, https:\/\/asmakkum.nl\/wp-content\/uploads\/2024\/11\/WhatsApp-Image-2024-11-18-at-17.04.58-3-1536x1152.jpeg 1536w\" sizes=\"auto, (max-width: 2048px) 100vw, 2048px\" \/><div class=\"wp-block-cover__inner-container has-global-padding is-layout-constrained wp-block-cover-is-layout-constrained\">\n<p class=\"has-text-align-center has-large-font-size\"><\/p>\n<\/div><\/div>\n\n\n\n<div class=\"wp-block-columns alignwide is-layout-flex wp-container-core-columns-is-layout-1 wp-block-columns-is-layout-flex\" style=\"padding-top:var(--wp--preset--spacing--50);padding-bottom:var(--wp--preset--spacing--50)\">\n<div class=\"wp-block-column is-layout-flow wp-container-core-column-is-layout-1 wp-block-column-is-layout-flow\">\n<figure class=\"wp-block-image aligncenter size-full is-resized\"><img loading=\"lazy\" decoding=\"async\" width=\"512\" height=\"512\" src=\"https:\/\/asmakkum.nl\/wp-content\/uploads\/2024\/11\/anchor-1.png\" alt=\"\" class=\"wp-image-1000\" style=\"width:50px\" srcset=\"https:\/\/asmakkum.nl\/wp-content\/uploads\/2024\/11\/anchor-1.png 512w, https:\/\/asmakkum.nl\/wp-content\/uploads\/2024\/11\/anchor-1-300x300.png 300w, https:\/\/asmakkum.nl\/wp-content\/uploads\/2024\/11\/anchor-1-150x150.png 150w\" sizes=\"auto, (max-width: 512px) 100vw, 512px\" \/><\/figure>\n\n\n\n<p class=\"has-text-align-center\">Winterlager von <strong>Mitte Oktober bis 1. April <\/strong><\/p>\n<\/div>\n\n\n\n<div class=\"wp-block-column is-layout-flow wp-container-core-column-is-layout-2 wp-block-column-is-layout-flow\">\n<figure class=\"wp-block-image aligncenter size-full is-resized\"><img loading=\"lazy\" decoding=\"async\" width=\"512\" height=\"512\" src=\"https:\/\/asmakkum.nl\/wp-content\/uploads\/2024\/11\/sailing-boat-1.png\" alt=\"\" class=\"wp-image-1004\" style=\"width:50px\" srcset=\"https:\/\/asmakkum.nl\/wp-content\/uploads\/2024\/11\/sailing-boat-1.png 512w, https:\/\/asmakkum.nl\/wp-content\/uploads\/2024\/11\/sailing-boat-1-300x300.png 300w, https:\/\/asmakkum.nl\/wp-content\/uploads\/2024\/11\/sailing-boat-1-150x150.png 150w\" sizes=\"auto, (max-width: 512px) 100vw, 512px\" \/><\/figure>\n\n\n\n<p class=\"has-text-align-center\">Platz f\u00fcr <strong>30<\/strong> <strong>Boote<\/strong> im Freien und <strong>4<\/strong> <strong>Boote<\/strong> in der Halle<\/p>\n<\/div>\n\n\n\n<div class=\"wp-block-column is-layout-flow wp-container-core-column-is-layout-3 wp-block-column-is-layout-flow\">\n<figure class=\"wp-block-image aligncenter size-full is-resized\"><img loading=\"lazy\" decoding=\"async\" width=\"512\" height=\"512\" src=\"https:\/\/asmakkum.nl\/wp-content\/uploads\/2024\/11\/lifebuoy-1.png\" alt=\"\" class=\"wp-image-1003\" style=\"width:50px\" srcset=\"https:\/\/asmakkum.nl\/wp-content\/uploads\/2024\/11\/lifebuoy-1.png 512w, https:\/\/asmakkum.nl\/wp-content\/uploads\/2024\/11\/lifebuoy-1-300x300.png 300w, https:\/\/asmakkum.nl\/wp-content\/uploads\/2024\/11\/lifebuoy-1-150x150.png 150w\" sizes=\"auto, (max-width: 512px) 100vw, 512px\" \/><\/figure>\n\n\n\n<p class=\"has-text-align-center\">Inklusive <strong>Kranservice, Bockmiete, Reinigung<\/strong> und <strong>Transport<\/strong>.<\/p>\n<\/div>\n\n\n\n<div class=\"wp-block-column is-layout-flow wp-container-core-column-is-layout-4 wp-block-column-is-layout-flow\">\n<figure class=\"wp-block-image aligncenter size-full is-resized\"><img loading=\"lazy\" decoding=\"async\" width=\"512\" height=\"512\" src=\"https:\/\/asmakkum.nl\/wp-content\/uploads\/2024\/11\/compass-1.png\" alt=\"\" class=\"wp-image-1002\" style=\"width:50px\" srcset=\"https:\/\/asmakkum.nl\/wp-content\/uploads\/2024\/11\/compass-1.png 512w, https:\/\/asmakkum.nl\/wp-content\/uploads\/2024\/11\/compass-1-300x300.png 300w, https:\/\/asmakkum.nl\/wp-content\/uploads\/2024\/11\/compass-1-150x150.png 150w\" sizes=\"auto, (max-width: 512px) 100vw, 512px\" \/><\/figure>\n\n\n\n<p class=\"has-text-align-center\">M\u00f6glichkeit zur Segellagerung <strong>f\u00fcr Liegeplatzinhaber<\/strong>.<\/p>\n<\/div>\n<\/div>\n\n\n\n<div class=\"wp-block-columns alignfull has-accent-3-background-color has-background is-layout-flex wp-container-core-columns-is-layout-2 wp-block-columns-is-layout-flex\" style=\"padding-top:0;padding-right:0;padding-bottom:0;padding-left:0\">\n<div class=\"wp-block-column is-layout-flow wp-block-column-is-layout-flow\" style=\"flex-basis:60%\">\n<figure class=\"wp-block-image alignleft size-large\"><img loading=\"lazy\" decoding=\"async\" width=\"1024\" height=\"768\" src=\"https:\/\/asmakkum.nl\/wp-content\/uploads\/2024\/11\/WhatsApp-Image-2024-11-18-at-17.04.58-1024x768.jpeg\" alt=\"\" class=\"wp-image-1089\" srcset=\"https:\/\/asmakkum.nl\/wp-content\/uploads\/2024\/11\/WhatsApp-Image-2024-11-18-at-17.04.58-1024x768.jpeg 1024w, https:\/\/asmakkum.nl\/wp-content\/uploads\/2024\/11\/WhatsApp-Image-2024-11-18-at-17.04.58-300x225.jpeg 300w, https:\/\/asmakkum.nl\/wp-content\/uploads\/2024\/11\/WhatsApp-Image-2024-11-18-at-17.04.58-768x576.jpeg 768w, https:\/\/asmakkum.nl\/wp-content\/uploads\/2024\/11\/WhatsApp-Image-2024-11-18-at-17.04.58-1536x1152.jpeg 1536w, https:\/\/asmakkum.nl\/wp-content\/uploads\/2024\/11\/WhatsApp-Image-2024-11-18-at-17.04.58.jpeg 1600w\" sizes=\"auto, (max-width: 1024px) 100vw, 1024px\" \/><\/figure>\n<\/div>\n\n\n\n<div class=\"wp-block-column is-vertically-aligned-center has-accent-2-color has-accent-3-background-color has-text-color has-background has-link-color wp-elements-74b3161739c7f393153321ca99071729 is-layout-flow wp-container-core-column-is-layout-6 wp-block-column-is-layout-flow\" style=\"padding-top:var(--wp--preset--spacing--50);padding-right:var(--wp--preset--spacing--50);padding-bottom:var(--wp--preset--spacing--50);padding-left:var(--wp--preset--spacing--50);flex-basis:40%\">\n<h2 class=\"wp-block-heading\">Winterlager<\/h2>\n\n\n\n<p class=\"has-medium-font-size\">Von Mitte Oktober bis etwa 1. April bieten wir Winterlagerpl\u00e4tze an Land an. Es gibt Platz f\u00fcr etwa 30 Boote im Freien und 4 Boote in der Halle.&nbsp;<\/p>\n\n\n\n<p class=\"has-medium-font-size\">Das Winterlager beinhaltet den Kranservice, die Bockmiete, die Reinigung und den Transport. F\u00fcr Masten bieten wir sowohl Innen- als auch Au\u00dfenlagerung an.<\/p>\n\n\n\n<p class=\"has-medium-font-size\">F\u00fcr unsere eigenen Liegeplatzinhaber besteht die M\u00f6glichkeit, ihre Sachen im Winter im Segellager unterzubringen (je nach Verf\u00fcgbarkeit).<\/p>\n\n\n\n<div class=\"wp-block-buttons is-layout-flex wp-container-core-buttons-is-layout-1 wp-block-buttons-is-layout-flex\" style=\"padding-top:var(--wp--preset--spacing--30);padding-bottom:var(--wp--preset--spacing--30)\">\n<div class=\"wp-block-button is-style-outline is-style-outline--1\"><a class=\"wp-block-button__link wp-element-button\" href=\"https:\/\/asmakkum.nl\/de\/tarieven\/\" style=\"border-width:1px;border-radius:15px\">Preise ansehen<\/a><\/div>\n<\/div>\n<\/div>\n<\/div>","protected":false},"excerpt":{"rendered":"<p>Winterstalling van half oktober tot 1 april Plaats voor 30 schepen buiten op de wal en 4 schepen binnen in de hal Inclusief in en uit kranen, bokhuur, afspuiten en vervoer. Voor ligplaatshouders mogelijkheid tot zeilberging. Winterstalling Vanaf half oktober tot ongeveer 1 april bieden wij winterstalling op de wal aan. Er is ruimte voor [&hellip;]<\/p>\n","protected":false},"author":1,"featured_media":0,"parent":0,"menu_order":0,"comment_status":"closed","ping_status":"closed","template":"","meta":{"footnotes":""},"class_list":["post-933","page","type-page","status-publish","hentry"],"_links":{"self":[{"href":"https:\/\/asmakkum.nl\/de\/wp-json\/wp\/v2\/pages\/933","targetHints":{"allow":["GET"]}}],"collection":[{"href":"https:\/\/asmakkum.nl\/de\/wp-json\/wp\/v2\/pages"}],"about":[{"href":"https:\/\/asmakkum.nl\/de\/wp-json\/wp\/v2\/types\/page"}],"author":[{"embeddable":true,"href":"https:\/\/asmakkum.nl\/de\/wp-json\/wp\/v2\/users\/1"}],"replies":[{"embeddable":true,"href":"https:\/\/asmakkum.nl\/de\/wp-json\/wp\/v2\/comments?post=933"}],"version-history":[{"count":11,"href":"https:\/\/asmakkum.nl\/de\/wp-json\/wp\/v2\/pages\/933\/revisions"}],"predecessor-version":[{"id":1101,"href":"https:\/\/asmakkum.nl\/de\/wp-json\/wp\/v2\/pages\/933\/revisions\/1101"}],"wp:attachment":[{"href":"https:\/\/asmakkum.nl\/de\/wp-json\/wp\/v2\/media?parent=933"}],"curies":[{"name":"wp","href":"https:\/\/api.w.org\/{rel}","templated":true}]}}